{"id":2246,"date":"2021-03-25T14:07:37","date_gmt":"2021-03-25T12:07:37","guid":{"rendered":"http:\/\/annadie.de\/2020\/?page_id=2246"},"modified":"2023-05-15T12:39:01","modified_gmt":"2023-05-15T10:39:01","slug":"glueck-kauf","status":"publish","type":"page","link":"http:\/\/annadie.de\/2020\/","title":{"rendered":"Gl\u00fcck.Kauf"},"content":{"rendered":"<div class=\"wpcolumn-wrapper wpcolumn-wrapper-4\">\n<div class=\"wpcolumn wpcolumn-1 wpcolumn-first\">Hier entsteht die Webpr\u00e4senz des Einkaufsmarktes <strong>Gl\u00fcck.Kauf<\/strong>, ein Angebot der ANNAdie gGmbH.<\/p>\n<p>&nbsp;<\/p>\n<p><strong>Besuchen Sie uns ab dem 24. M\u00e4rz 2021 im Einkaufsmarkt Gl\u00fcck.Kauf<\/strong><\/p>\n<p>M\u00fchle 2a<br \/>\n09488 Thermalbad-Wiesenbad<\/p><\/div>\n<div class=\"wpcolumn wpcolumn-2 wpcolumn-other\">            \n\t\t<div class=\"ngg-gallery-singlepic-image ngg-center\" style=\"max-width: 630px\">\n\t\t\t    \t<a href=\"http:\/\/annadie.de\/2020\/wp-content\/gallery\/glueck-kauf\/21-03-26-glueckkauf-630.jpg\"\n\t\t     title=\"\"\n             data-src=\"http:\/\/annadie.de\/2020\/wp-content\/gallery\/glueck-kauf\/21-03-26-glueckkauf-630.jpg\"\n             data-thumbnail=\"http:\/\/annadie.de\/2020\/wp-content\/gallery\/glueck-kauf\/thumbs\/thumbs_21-03-26-glueckkauf-630.jpg\"\n             data-image-id=\"186\"\n             data-title=\"21-03-26-glueckkauf-630\"\n             data-description=\"\"\n             target='_self'\n             class=\"shutterset_ef05614db63e107b73039deb78c0140b\">\n            <img class=\"ngg-singlepic\"\n             src=\"http:\/\/annadie.de\/2020\/wp-content\/gallery\/glueck-kauf\/cache\/21-03-26-glueckkauf-630.jpg-nggid03186-ngg0dyn-630x300x100-00f0w010c010r110f110r010t010.jpg\"\n             alt=\"21-03-26-glueckkauf-630\"\n             title=\"21-03-26-glueckkauf-630\"\n              width=\"630\"               \/>\n    \t<\/a>\n\t\t      <\/div>\n        <\/div>\n<div class=\"wpcolumn wpcolumn-3 wpcolumn-other\">&nbsp;<br \/>\n<img loading=\"lazy\" class=\"wp-image-2105 alignleft\" src=\"http:\/\/annadie.de\/2020\/wp-content\/uploads\/2021\/03\/Regional-Nachhaltig.png\" alt=\"Regional, Nachhaltig, Inklusiv\" width=\"200\" height=\"224\" \/><\/p>\n<p>&nbsp;<\/p>\n<p><strong>Spezialit\u00e4ten, regionale Produkte und Highlights immer aktuell<\/strong><\/p>\n<p><strong>auf unserer <a href=\"https:\/\/www.facebook.com\/Glueck.Kauf\">facebook-Seite<\/a><\/strong><\/p>\n<p>&nbsp;<\/p>\n<p>F\u00fcr den Kauf von Produkten aus der Frischetheke werden wir<br \/>\nf\u00fcr unsere Kundschaft in den n\u00e4chsten Wochen ein<br \/>\ninnovatives Pfandsystem einf\u00fchren.<br \/>\n&nbsp;<br \/>\nSchauen Sie es sich an &amp; probieren Sie es unbedingt aus.<\/p><\/div>\n<div class=\"wpcolumn wpcolumn-4 wpcolumn-last\"><h1 class=\"box-headline changecolor\"><\/h1><div class=\"news-post\"><p><br \/>\n<strong>Unsere \u00d6ffnungszeiten<\/strong><\/p>\n<p>Montag bis Freitag von 8 &#8211; 18 Uhr<br \/>\nSamstag von 8- 16 Uhr<\/p>\n<p>Wir freuen uns auf Ihren Besuch.<br \/>\n<\/p><\/div><\/p><\/div>\n<div class=\"wpcolumn-clearfix\"><\/div>\n<\/div>\n","protected":false},"excerpt":{"rendered":"<p>Hier entsteht die Webpr\u00e4senz des Einkaufsmarktes Gl\u00fcck.Kauf, ein Angebot der ANNAdie gGmbH. &nbsp; Besuchen Sie uns ab dem 24. M\u00e4rz 2021 im Einkaufsmarkt Gl\u00fcck.Kauf M\u00fchle 2a 09488 Thermalbad-Wiesenbad &nbsp; &nbsp; Spezialit\u00e4ten, regionale Produkte und Highlights immer aktuell auf unserer facebook-Seite &nbsp; F\u00fcr den Kauf von Produkten aus der Frischetheke werden wir f\u00fcr unsere Kundschaft in [&hellip;]<\/p>\n","protected":false},"author":2,"featured_media":0,"parent":0,"menu_order":0,"comment_status":"closed","ping_status":"closed","template":"page-templates\/full-width.php","meta":{"ngg_post_thumbnail":0},"_links":{"self":[{"href":"http:\/\/annadie.de\/2020\/wp-json\/wp\/v2\/pages\/2246"}],"collection":[{"href":"http:\/\/annadie.de\/2020\/wp-json\/wp\/v2\/pages"}],"about":[{"href":"http:\/\/annadie.de\/2020\/wp-json\/wp\/v2\/types\/page"}],"author":[{"embeddable":true,"href":"http:\/\/annadie.de\/2020\/wp-json\/wp\/v2\/users\/2"}],"replies":[{"embeddable":true,"href":"http:\/\/annadie.de\/2020\/wp-json\/wp\/v2\/comments?post=2246"}],"version-history":[{"count":71,"href":"http:\/\/annadie.de\/2020\/wp-json\/wp\/v2\/pages\/2246\/revisions"}],"predecessor-version":[{"id":2346,"href":"http:\/\/annadie.de\/2020\/wp-json\/wp\/v2\/pages\/2246\/revisions\/2346"}],"wp:attachment":[{"href":"http:\/\/annadie.de\/2020\/wp-json\/wp\/v2\/media?parent=2246"}],"curies":[{"name":"wp","href":"https:\/\/api.w.org\/{rel}","templated":true}]}}